{"id":2,"date":"2023-04-25T13:51:22","date_gmt":"2023-04-25T11:51:22","guid":{"rendered":"https:\/\/portail.mahatma-gandhi.ac-reunion.fr\/wordpress\/essai\/?page_id=2"},"modified":"2023-05-02T14:21:12","modified_gmt":"2023-05-02T12:21:12","slug":"accueil","status":"publish","type":"page","link":"https:\/\/portail.mahatma-gandhi.ac-reunion.fr\/wordpress\/azimuts\/","title":{"rendered":"Accueil"},"content":{"rendered":"\n<p><strong>Nous vous proposons chaque semaine de nouveaux articles issus de notre revue de presse internationale.<\/strong><\/p>\n\n\n\n<p><strong>Laissez-vous guider vers des sites d\u2019information du monde entier, d\u00e9cod\u00e9s par les \u00e9l\u00e8ves du club m\u00e9dia du lyc\u00e9e Mahatma Gandhi.<\/strong><\/p>\n\n\n\n<div class=\"is-layout-flex wp-container-3 wp-block-columns\">\n<div class=\"is-layout-flow wp-block-column\">\n<figure class=\"wp-block-image size-large\"><img decoding=\"async\" loading=\"lazy\" width=\"260\" height=\"189\" src=\"https:\/\/portail.mahatma-gandhi.ac-reunion.fr\/wordpress\/essai\/files\/2023\/05\/accueil-image-1.jpg\" alt=\"\" class=\"wp-image-46\" \/><\/figure>\n<\/div>\n\n\n\n<div class=\"is-layout-flow wp-block-column\">\n<figure class=\"wp-block-image size-large\"><img decoding=\"async\" loading=\"lazy\" width=\"279\" height=\"187\" src=\"https:\/\/portail.mahatma-gandhi.ac-reunion.fr\/wordpress\/essai\/files\/2023\/05\/accueil-image-2.jpg\" alt=\"\" class=\"wp-image-47\" \/><\/figure>\n<\/div>\n<\/div>\n\n\n\n<figure class=\"wp-block-image size-large\"><img decoding=\"async\" loading=\"lazy\" width=\"702\" height=\"506\" src=\"https:\/\/portail.mahatma-gandhi.ac-reunion.fr\/wordpress\/essai\/files\/2023\/05\/accueil-image-3.jpg\" alt=\"\" class=\"wp-image-48\" srcset=\"https:\/\/portail.mahatma-gandhi.ac-reunion.fr\/wordpress\/azimuts\/files\/2023\/05\/accueil-image-3.jpg 702w, https:\/\/portail.mahatma-gandhi.ac-reunion.fr\/wordpress\/azimuts\/files\/2023\/05\/accueil-image-3-300x216.jpg 300w\" sizes=\"(max-width: 702px) 100vw, 702px\" \/><\/figure>\n","protected":false},"excerpt":{"rendered":"<p>Nous vous proposons chaque semaine de nouveaux articles issus de notre revue de presse internationale. Laissez-vous guider vers des sites d\u2019information du monde entier, d\u00e9cod\u00e9s par les \u00e9l\u00e8ves du club m\u00e9dia du lyc\u00e9e Mahatma Gandhi.<\/p>\n","protected":false},"author":4,"featured_media":0,"parent":0,"menu_order":0,"comment_status":"closed","ping_status":"open","template":"","meta":{"_links_to":"","_links_to_target":""},"_links":{"self":[{"href":"https:\/\/portail.mahatma-gandhi.ac-reunion.fr\/wordpress\/azimuts\/wp-json\/wp\/v2\/pages\/2"}],"collection":[{"href":"https:\/\/portail.mahatma-gandhi.ac-reunion.fr\/wordpress\/azimuts\/wp-json\/wp\/v2\/pages"}],"about":[{"href":"https:\/\/portail.mahatma-gandhi.ac-reunion.fr\/wordpress\/azimuts\/wp-json\/wp\/v2\/types\/page"}],"author":[{"embeddable":true,"href":"https:\/\/portail.mahatma-gandhi.ac-reunion.fr\/wordpress\/azimuts\/wp-json\/wp\/v2\/users\/4"}],"replies":[{"embeddable":true,"href":"https:\/\/portail.mahatma-gandhi.ac-reunion.fr\/wordpress\/azimuts\/wp-json\/wp\/v2\/comments?post=2"}],"version-history":[{"count":3,"href":"https:\/\/portail.mahatma-gandhi.ac-reunion.fr\/wordpress\/azimuts\/wp-json\/wp\/v2\/pages\/2\/revisions"}],"predecessor-version":[{"id":49,"href":"https:\/\/portail.mahatma-gandhi.ac-reunion.fr\/wordpress\/azimuts\/wp-json\/wp\/v2\/pages\/2\/revisions\/49"}],"wp:attachment":[{"href":"https:\/\/portail.mahatma-gandhi.ac-reunion.fr\/wordpress\/azimuts\/wp-json\/wp\/v2\/media?parent=2"}],"curies":[{"name":"wp","href":"https:\/\/api.w.org\/{rel}","templated":true}]}}